{"id":535,"date":"2017-03-28T09:57:35","date_gmt":"2017-03-28T09:57:35","guid":{"rendered":"http:\/\/taschlerhaus.com\/legendele-locului\/"},"modified":"2017-04-19T22:35:59","modified_gmt":"2017-04-19T19:35:59","slug":"die-legende-des-ortes","status":"publish","type":"page","link":"https:\/\/taschlerhaus.com\/de\/die-legende-des-ortes\/","title":{"rendered":"Die Legende des Ortes"},"content":{"rendered":"<p>[vc_row full_width=&#8221;stretch_row&#8221; enable_overlay=&#8221;true&#8221; bg_overlay=&#8221;rgba(0,0,0,0.3)&#8221; css=&#8221;.vc_custom_1490985195459{padding-top: 115px !important;padding-bottom: 80px !important;background-image: url(http:\/\/taschlerhaus.com\/wp-content\/uploads\/2017\/03\/header-sighisoara.png?id=335) !important;}&#8221;][vc_column]<div class=\"engo-special-heading text-center\" style=\"color:#ffffff;\"><h2>DIE LEGENDE DES ORTES<\/h2><\/div>[\/vc_column][\/vc_row][vc_row][vc_column width=&#8221;1\/2&#8243;][vc_single_image image=&#8221;570&#8243; img_size=&#8221;full&#8221;][\/vc_column][vc_column width=&#8221;1\/2&#8243;][vc_column_text size=&#8221;0&#8243;]Die Burg, die heute noch als einzige bewohnte mittelalterliche Burg aus S\u00fcdosteuropa gilt, wo sich auch das Taschler Haus befindet, war umschlossen von der Burgbmauer, die zum Teil heute noch besteht.<\/p>\n<p>Wenn Sie eines der \u00e4ltesten Denkm\u00e4ler der Stadt besuchen m\u00f6chten, ist es die Klosterkirche, die in der zweiten H\u00e4lfte des XIII-ten Jahrhunderts im gotischen-siebenb\u00fcrgischen Stil gebaut wurde. Die Klosterkirche befindet sich direkt in der N\u00e4he des Stundturms.<\/p>\n<p>Die wichtigste und bekannteste Sehensw\u00fcrdigkeit der Burg ist der Stundturm, der massivste der neun T\u00fcrme der Sch\u00e4\u00dfburger Burg. Das historische Denkmal wurde im XIV-ten Jahrhundert gebaut. Heute kann dieser von Touristen besichtigt werden. Vom Balkon aus der sich auf einer H\u00f6he von 30 m befindet, haben Sie einen sch\u00f6nen Blick auf die Burg, der Stadt und der Umgebung.<\/p>\n<p>Wir freuen uns w\u00e4hrend dem Aufenthalt Ihnen weitere Informationen, Informationsmaterial und Insidertipps geben zu k\u00f6nnen.[\/vc_column_text][\/vc_column][\/vc_row]<\/p>\n","protected":false},"excerpt":{"rendered":"<p>[vc_row full_width=&#8221;stretch_row&#8221; enable_overlay=&#8221;true&#8221; bg_overlay=&#8221;rgba(0,0,0,0.3)&#8221; css=&#8221;.vc_custom_1490985195459{padding-top: 115px !important;padding-bottom: 80px !important;background-image: url(http:\/\/taschlerhaus.com\/wp-content\/uploads\/2017\/03\/header-sighisoara.png?id=335) !important;}&#8221;][vc_column][\/vc_column][\/vc_row][vc_row][vc_column width=&#8221;1\/2&#8243;][vc_single_image image=&#8221;570&#8243; img_size=&#8221;full&#8221;][\/vc_column][vc_column width=&#8221;1\/2&#8243;][vc_column_text size=&#8221;0&#8243;]Die Burg, die heute noch als einzige bewohnte mittelalterliche Burg aus S\u00fcdosteuropa gilt, wo sich auch das Taschler Haus befindet, war umschlossen von der Burgbmauer, die zum Teil heute noch besteht. Wenn Sie eines der \u00e4ltesten Denkm\u00e4ler der Stadt besuchen&#8230;<\/p>\n","protected":false},"author":1,"featured_media":0,"parent":0,"menu_order":0,"comment_status":"closed","ping_status":"closed","template":"","meta":{"footnotes":"","_links_to":"","_links_to_target":""},"class_list":["post-535","page","type-page","status-publish","hentry"],"_links":{"self":[{"href":"https:\/\/taschlerhaus.com\/de\/wp-json\/wp\/v2\/pages\/535","targetHints":{"allow":["GET"]}}],"collection":[{"href":"https:\/\/taschlerhaus.com\/de\/wp-json\/wp\/v2\/pages"}],"about":[{"href":"https:\/\/taschlerhaus.com\/de\/wp-json\/wp\/v2\/types\/page"}],"author":[{"embeddable":true,"href":"https:\/\/taschlerhaus.com\/de\/wp-json\/wp\/v2\/users\/1"}],"replies":[{"embeddable":true,"href":"https:\/\/taschlerhaus.com\/de\/wp-json\/wp\/v2\/comments?post=535"}],"version-history":[{"count":3,"href":"https:\/\/taschlerhaus.com\/de\/wp-json\/wp\/v2\/pages\/535\/revisions"}],"predecessor-version":[{"id":573,"href":"https:\/\/taschlerhaus.com\/de\/wp-json\/wp\/v2\/pages\/535\/revisions\/573"}],"wp:attachment":[{"href":"https:\/\/taschlerhaus.com\/de\/wp-json\/wp\/v2\/media?parent=535"}],"curies":[{"name":"wp","href":"https:\/\/api.w.org\/{rel}","templated":true}]}}