{"id":531,"date":"2017-03-31T11:51:49","date_gmt":"2017-03-31T11:51:49","guid":{"rendered":"http:\/\/taschlerhaus.com\/desene-si-simboluri-ilustrate\/"},"modified":"2017-04-27T15:00:01","modified_gmt":"2017-04-27T12:00:01","slug":"die-malereien-und-ihre-bedeutung","status":"publish","type":"page","link":"https:\/\/taschlerhaus.com\/de\/die-malereien-und-ihre-bedeutung\/","title":{"rendered":"Die Malereien und ihre Bedeutung"},"content":{"rendered":"<p>[vc_row full_width=&#8221;stretch_row&#8221; enable_overlay=&#8221;true&#8221; bg_overlay=&#8221;rgba(0,0,0,0.3)&#8221; bg_type=&#8221;image&#8221; parallax_style=&#8221;vcpb-vz-jquery&#8221; bg_image_new=&#8221;id^333|url^http:\/\/taschlerhaus.com\/wp-content\/uploads\/2017\/03\/header-desene.png|caption^null|alt^null|title^header-desene|description^null&#8221; bg_image_repeat=&#8221;no-repeat&#8221; css=&#8221;.vc_custom_1490984365477{padding-top: 115px !important;padding-bottom: 80px !important;}&#8221;][vc_column]<div class=\"engo-special-heading text-center\" style=\"color:#ffffff;\"><h2>DIE MALEREIEN UND IHRE BEDEUTUNG<\/h2><div class=\"engo-subheading below\"><p>Das gesamte Anwesen ist mit Gem\u00e4lden geschm\u00fcckt, die an die Vergangenheit, Legenden und Br\u00e4uchen erinnern:<\/p><\/div><\/div>[\/vc_column][\/vc_row][vc_row][vc_column width=&#8221;1\/3&#8243;][vc_single_image image=&#8221;192&#8243; img_size=&#8221;full&#8221; alignment=&#8221;center&#8221; onclick=&#8221;link_image&#8221;][vc_column_text size=&#8221;0&#8243;]<\/p>\n<h5 style=\"text-align: center;\">Die Malerei mit dem Baum und den Sieben Burgen aus der Rezeption \u2013 die Kindern aus Hameln (die Legende)<\/h5>\n<p>[\/vc_column_text][\/vc_column][vc_column width=&#8221;1\/3&#8243;][vc_single_image image=&#8221;193&#8243; img_size=&#8221;full&#8221; alignment=&#8221;center&#8221; onclick=&#8221;link_image&#8221;][vc_column_text size=&#8221;0&#8243;]<\/p>\n<h5 style=\"text-align: center;\">Die Malerei aus der Rezeption mit der Szene aus einer B\u00e4ckerei \u2013 die Zunft des Taschler Hauses<\/h5>\n<p>[\/vc_column_text][\/vc_column][vc_column width=&#8221;1\/3&#8243;][vc_single_image image=&#8221;191&#8243; img_size=&#8221;full&#8221; alignment=&#8221;center&#8221; onclick=&#8221;link_image&#8221;][vc_column_text size=&#8221;0&#8243;]<\/p>\n<h5 style=\"text-align: center;\">Die Malerei aus dem Gew\u00f6lbe am Eingang \u2013 die Begr\u00fc\u00dfungsnachricht und das Logo Taschler Haus<\/h5>\n<p>[\/vc_column_text][\/vc_column][\/vc_row][vc_row][vc_column][vc_separator][\/vc_column][\/vc_row][vc_row][vc_column width=&#8221;1\/3&#8243;][vc_single_image image=&#8221;325&#8243; img_size=&#8221;full&#8221; alignment=&#8221;center&#8221; onclick=&#8221;link_image&#8221;][vc_column_text size=&#8221;0&#8243;]<\/p>\n<h5 style=\"text-align: center;\">Die Malerei mit dem Bauer und seiner Frau aus dem Zimmer \u201eBauer\u201d<\/h5>\n<p>[\/vc_column_text][\/vc_column][vc_column width=&#8221;1\/3&#8243;][vc_single_image image=&#8221;194&#8243; img_size=&#8221;full&#8221; alignment=&#8221;center&#8221; onclick=&#8221;link_image&#8221;][vc_column_text size=&#8221;0&#8243;]<\/p>\n<h5 style=\"text-align: center;\">Die Malerei mit dem alten Platz aus dem Zimmer \u201eBauer\u201d<\/h5>\n<p>[\/vc_column_text][\/vc_column][vc_column width=&#8221;1\/3&#8243;][vc_single_image image=&#8221;195&#8243; img_size=&#8221;full&#8221; alignment=&#8221;center&#8221; onclick=&#8221;link_image&#8221;][vc_column_text size=&#8221;0&#8243;]<\/p>\n<h5 style=\"text-align: center;\">Die Malerei aus dem Hof mit der Gans mit verbundenen Augen \u2013 die Br\u00e4uche mit den G\u00e4nsen<\/h5>\n<p>[\/vc_column_text][\/vc_column][\/vc_row][vc_row][vc_column][vc_separator][\/vc_column][\/vc_row][vc_row][vc_column width=&#8221;1\/3&#8243;][vc_single_image image=&#8221;324&#8243; img_size=&#8221;full&#8221; alignment=&#8221;center&#8221; onclick=&#8221;link_image&#8221;][vc_column_text size=&#8221;0&#8243;]<\/p>\n<h5 style=\"text-align: center;\">Die Truhen bemalt mit siebenb\u00fcrigsch-s\u00e4chsischen Motive \u2013 Die Geschichte der Mitgift-Truhe<\/h5>\n<p>[\/vc_column_text][\/vc_column][vc_column width=&#8221;1\/3&#8243;][vc_single_image image=&#8221;196&#8243; img_size=&#8221;full&#8221; alignment=&#8221;center&#8221; onclick=&#8221;link_image&#8221;][vc_column_text size=&#8221;0&#8243;]<\/p>\n<h5 style=\"text-align: center;\">Die Malerei mit dem Webertanz<\/h5>\n<p>[\/vc_column_text][\/vc_column][vc_column width=&#8221;1\/3&#8243;][vc_single_image image=&#8221;197&#8243; img_size=&#8221;full&#8221; alignment=&#8221;center&#8221; onclick=&#8221;link_image&#8221;][vc_column_text size=&#8221;0&#8243;]<\/p>\n<h5 style=\"text-align: center;\">Die Malerei mit dem B\u00e4ndertanz<\/h5>\n<p>[\/vc_column_text][\/vc_column][\/vc_row]<\/p>\n","protected":false},"excerpt":{"rendered":"<p>[vc_row full_width=&#8221;stretch_row&#8221; enable_overlay=&#8221;true&#8221; bg_overlay=&#8221;rgba(0,0,0,0.3)&#8221; bg_type=&#8221;image&#8221; parallax_style=&#8221;vcpb-vz-jquery&#8221; bg_image_new=&#8221;id^333|url^http:\/\/taschlerhaus.com\/wp-content\/uploads\/2017\/03\/header-desene.png|caption^null|alt^null|title^header-desene|description^null&#8221; bg_image_repeat=&#8221;no-repeat&#8221; css=&#8221;.vc_custom_1490984365477{padding-top: 115px !important;padding-bottom: 80px !important;}&#8221;][vc_column][\/vc_column][\/vc_row][vc_row][vc_column width=&#8221;1\/3&#8243;][vc_single_image image=&#8221;192&#8243; img_size=&#8221;full&#8221; alignment=&#8221;center&#8221; onclick=&#8221;link_image&#8221;][vc_column_text size=&#8221;0&#8243;] Die Malerei mit dem Baum und den Sieben Burgen aus der Rezeption \u2013 die Kindern aus Hameln (die Legende) [\/vc_column_text][\/vc_column][vc_column width=&#8221;1\/3&#8243;][vc_single_image image=&#8221;193&#8243; img_size=&#8221;full&#8221; alignment=&#8221;center&#8221; onclick=&#8221;link_image&#8221;][vc_column_text size=&#8221;0&#8243;] Die Malerei aus der Rezeption mit der Szene aus einer&#8230;<\/p>\n","protected":false},"author":1,"featured_media":0,"parent":0,"menu_order":0,"comment_status":"closed","ping_status":"closed","template":"","meta":{"footnotes":"","_links_to":"","_links_to_target":""},"class_list":["post-531","page","type-page","status-publish","hentry"],"_links":{"self":[{"href":"https:\/\/taschlerhaus.com\/de\/wp-json\/wp\/v2\/pages\/531","targetHints":{"allow":["GET"]}}],"collection":[{"href":"https:\/\/taschlerhaus.com\/de\/wp-json\/wp\/v2\/pages"}],"about":[{"href":"https:\/\/taschlerhaus.com\/de\/wp-json\/wp\/v2\/types\/page"}],"author":[{"embeddable":true,"href":"https:\/\/taschlerhaus.com\/de\/wp-json\/wp\/v2\/users\/1"}],"replies":[{"embeddable":true,"href":"https:\/\/taschlerhaus.com\/de\/wp-json\/wp\/v2\/comments?post=531"}],"version-history":[{"count":6,"href":"https:\/\/taschlerhaus.com\/de\/wp-json\/wp\/v2\/pages\/531\/revisions"}],"predecessor-version":[{"id":721,"href":"https:\/\/taschlerhaus.com\/de\/wp-json\/wp\/v2\/pages\/531\/revisions\/721"}],"wp:attachment":[{"href":"https:\/\/taschlerhaus.com\/de\/wp-json\/wp\/v2\/media?parent=531"}],"curies":[{"name":"wp","href":"https:\/\/api.w.org\/{rel}","templated":true}]}}