{"id":514,"date":"2017-03-28T09:57:36","date_gmt":"2017-03-28T09:57:36","guid":{"rendered":"http:\/\/taschlerhaus.com\/camerele\/"},"modified":"2018-01-17T13:14:26","modified_gmt":"2018-01-17T11:14:26","slug":"die-zimmer","status":"publish","type":"page","link":"https:\/\/taschlerhaus.com\/de\/die-zimmer\/","title":{"rendered":"Die Zimmer"},"content":{"rendered":"<p>[vc_row full_width=&#8221;stretch_row&#8221; parallax=&#8221;content-moving&#8221; parallax_image=&#8221;346&#8243; css=&#8221;.vc_custom_1491000281116{padding-top: 150px !important;padding-bottom: 80px !important;}&#8221;][vc_column]<div class=\"engo-special-heading text-center\" style=\"color:#ffffff;\"><h2>DIE ZIMMER<\/h2><div class=\"engo-subheading below\"><p>warten darauf, entdeckt zu werden<\/p><\/div><\/div>[\/vc_column][\/vc_row][vc_row][vc_column][vc_row_inner][vc_column_inner width=&#8221;1\/2&#8243;][vc_column_text size=&#8221;0&#8243;]Taschler Haus Boutique Hotel verf\u00fcgt \u00fcber <strong>10\u00a0individuelle Zimmer<\/strong> mit Namen und Symbolen inspiriert von den siebenb\u00fcrgisch-s\u00e4chsischen Z\u00fcnfte: 3 Standard-Doppelzimmer, 3 Superior-Doppelzimmer und 4 Familiensuiten.[\/vc_column_text][\/vc_column_inner][vc_column_inner width=&#8221;1\/2&#8243;][vc_column_text size=&#8221;0&#8243;]<strong>Taschler Haus Boutique Hotel<\/strong> bietet seinen G\u00e4sten eine Vielzahl von Annehmlichkeiten an. Jedes Zimmern hat ein eigenes Bad, Haartrockner, Flachbild -TV, Safe und Minibar. Das ganze Haus verf\u00fcgt \u00fcber kostenloses WLAN und eine eindrucksvolle Aussicht, einige Zimmer haben den Blick direkt auf dem Stundturm, die anderen Zimmern in Richtung Stadt.[\/vc_column_text][\/vc_column_inner][\/vc_row_inner][vc_separator][vc_column_text size=&#8221;0&#8243;]<strong>Die Namen der 10 Zimmer<\/strong> sind aus den Z\u00fcnften der Siebenb\u00fcrger-Sachsen inspiriert. Jedes Zimmer verf\u00fcgt \u00fcber bestimmte Symbole, Bilder und handgemachte Malereien typisch f\u00fcr die damalige Zeit. Dar\u00fcber hinaus am Eingang jedes Zimmers ist eine Szene gemalt, die T\u00e4tigkeit des Handwerks beschreibt. Drinnen finden Sie sowohl M\u00f6belst\u00fccke, als auch Dekorationen, Gem\u00e4lde oder Wandmalereien um rundum das spezifische Ambiente der s\u00e4chsischen Handwerker der vergangenen Jahrhunderte in Siebenb\u00fcrgen darzustellen.[\/vc_column_text][\/vc_column][\/vc_row][vc_row][vc_column]<div class=\"engo-special-heading text-center\" style=\"padding-bottom:10px;\"><h1>DIE ZIMMER<\/h1><div class=\"engo-subheading below\"><p>Standard Doppelzimmer, Superior Doppelzimmer, Familiensuite<\/p><\/div><\/div><!-- ROOM --><div class=\"room-wrap-3\">\t\t<!-- ITEM -->\n\t\t<div class=\"col-lg-10 col-lg-offset-1\">\n\t\t\t<div class=\"room_item-3\">\n\n\t\t\t\t<div class=\"img\">\n\t\t\t\t\t<a href=\"https:\/\/taschlerhaus.com\/de\/apb-room-type\/familiensuite\/\">\n\t\t\t\t\t\t<img loading=\"lazy\" decoding=\"async\" width=\"970\" height=\"400\" src=\"https:\/\/taschlerhaus.com\/wp-content\/uploads\/2017\/03\/IMG_9013-970x400.jpg\" class=\"attachment-engo-room-3 size-engo-room-3 wp-post-image\" alt=\"\" \/>\t\t\t\t\t<\/a>\n\t\t\t\t<\/div>\n\n\t\t\t\t<div class=\"text-thumbs\">\n\t\t\t\t\t\t\t\t\t\t\t<div class=\"thumbs\">\n\t\t\t\t\t\t\t<a href=\"https:\/\/taschlerhaus.com\/de\/apb-room-type\/familiensuite\/\">\n\t\t\t\t\t\t\t\t<img decoding=\"async\" src=\"https:\/\/taschlerhaus.com\/wp-content\/uploads\/2017\/03\/IMG_8977.jpg\" alt=\"Familiensuite\">\n\t\t\t\t\t\t\t<\/a>\n\t\t\t\t\t\t<\/div>\n\t\t\t\t\t\n\t\t\t\t\t<div class=\"text\">\n\t\t\t\t\t\t<h2>\n\t\t\t\t\t\t\t<a href=\"https:\/\/taschlerhaus.com\/de\/apb-room-type\/familiensuite\/\">Familiensuite<\/a>\n\t\t\t\t\t\t<\/h2>\n\t\t\t\t\t\t\t\t\t\t\t\t\t<span class=\"price\">\n\t\t\t\t\t\t\t\tStart from <span class=\"amount\">155<\/span> per day\t\t\t\t\t\t\t<\/span>\n\t\t\t\t\t\t\t\t\t\t\t\t<p>Die drei Familien Suiten sind auf alle drei Ebenen des Hauses verteilt und verf\u00fcgen \u00fcber ein ger\u00e4umiges Wohnzimmer mit Platz zur Entspannung und einige charakteristische Symbole des Handwerkes dessen Namen das Zimmer tr\u00e4gt, ein Schlafzimmer, Flur und Bad.<\/p>\n<ul>\n<li>Preis Nebensaison: ab 70 Euro<\/li>\n<li>Preis Hauptsaison: ab 110 Euro<\/li>\n<li>Kapazit\u00e4t: 2 Erwachsene + 2 Kinder<\/li>\n<li>Zimmergr\u00f6\u00dfe: 46-58 qm<\/li>\n<li>Blick: zum Stundturm oder zur Stadt<\/li>\n<li>Bett: 1 king-size Bett oder zwei Einzelbetten<\/li>\n<\/ul>\n\t\t\t\t\t\t<a href=\"https:\/\/taschlerhaus.com\/de\/apb-room-type\/familiensuite\/\" class=\"engo-btn engo-btn-13\">VIEW DETAILS<\/a>\n\t\t\t\t\t<\/div>\n\n\t\t\t\t<\/div>\n\n\t\t\t<\/div>\n\t\t<\/div>\n\t\t<!-- END \/ ITEM -->\n\t\t\t\t<!-- ITEM -->\n\t\t<div class=\"col-lg-10 col-lg-offset-1\">\n\t\t\t<div class=\"room_item-3 thumbs-right\">\n\n\t\t\t\t<div class=\"img\">\n\t\t\t\t\t<a href=\"https:\/\/taschlerhaus.com\/de\/apb-room-type\/superior-doppelzimmer\/\">\n\t\t\t\t\t\t<img loading=\"lazy\" decoding=\"async\" width=\"970\" height=\"400\" src=\"https:\/\/taschlerhaus.com\/wp-content\/uploads\/2017\/03\/IMG_8606-1-970x400.jpg\" class=\"attachment-engo-room-3 size-engo-room-3 wp-post-image\" alt=\"\" \/>\t\t\t\t\t<\/a>\n\t\t\t\t<\/div>\n\n\t\t\t\t<div class=\"text-thumbs\">\n\t\t\t\t\t\t\t\t\t\t\t<div class=\"thumbs\">\n\t\t\t\t\t\t\t<a href=\"https:\/\/taschlerhaus.com\/de\/apb-room-type\/superior-doppelzimmer\/\">\n\t\t\t\t\t\t\t\t<img decoding=\"async\" src=\"https:\/\/taschlerhaus.com\/wp-content\/uploads\/2017\/03\/IMG_9172.jpg\" alt=\"Superior Doppelzimmer\">\n\t\t\t\t\t\t\t<\/a>\n\t\t\t\t\t\t<\/div>\n\t\t\t\t\t\n\t\t\t\t\t<div class=\"text\">\n\t\t\t\t\t\t<h2>\n\t\t\t\t\t\t\t<a href=\"https:\/\/taschlerhaus.com\/de\/apb-room-type\/superior-doppelzimmer\/\">Superior Doppelzimmer<\/a>\n\t\t\t\t\t\t<\/h2>\n\t\t\t\t\t\t\t\t\t\t\t\t\t<span class=\"price\">\n\t\t\t\t\t\t\t\tStart from <span class=\"amount\">150<\/span> per day\t\t\t\t\t\t\t<\/span>\n\t\t\t\t\t\t\t\t\t\t\t\t<p>Die beiden Superior-Doppelzimmer befinden sich im Erdgeschoss und 1. Stock und verf\u00fcgen \u00fcber ein Wohnzimmer mit gem\u00fctlicher Sitzecke, Schlafzimmer und Bad.<\/p>\n<ul>\n<li>Preis Nebensaison: ab 70 Euro<\/li>\n<li>Preis Hauptsaison: ab 100 Euro<\/li>\n<li>Kapazit\u00e4t: 2 Personen<\/li>\n<li>Zimmergr\u00f6\u00dfe: 42-54 qm<\/li>\n<li>Blick: zur Stadt oder zum Innenhof<\/li>\n<li>Bett: 1 king-size Bett oder zwei Einzelbetten<\/li>\n<\/ul>\n\t\t\t\t\t\t<a href=\"https:\/\/taschlerhaus.com\/de\/apb-room-type\/superior-doppelzimmer\/\" class=\"engo-btn engo-btn-13\">VIEW DETAILS<\/a>\n\t\t\t\t\t<\/div>\n\n\t\t\t\t<\/div>\n\n\t\t\t<\/div>\n\t\t<\/div>\n\t\t<!-- END \/ ITEM -->\n\t\t\t\t<!-- ITEM -->\n\t\t<div class=\"col-lg-10 col-lg-offset-1\">\n\t\t\t<div class=\"room_item-3\">\n\n\t\t\t\t<div class=\"img\">\n\t\t\t\t\t<a href=\"https:\/\/taschlerhaus.com\/de\/apb-room-type\/standard-doppelzimmer\/\">\n\t\t\t\t\t\t<img loading=\"lazy\" decoding=\"async\" width=\"970\" height=\"400\" src=\"https:\/\/taschlerhaus.com\/wp-content\/uploads\/2017\/03\/IMG_8709-970x400.jpg\" class=\"attachment-engo-room-3 size-engo-room-3 wp-post-image\" alt=\"\" \/>\t\t\t\t\t<\/a>\n\t\t\t\t<\/div>\n\n\t\t\t\t<div class=\"text-thumbs\">\n\t\t\t\t\t\t\t\t\t\t\t<div class=\"thumbs\">\n\t\t\t\t\t\t\t<a href=\"https:\/\/taschlerhaus.com\/de\/apb-room-type\/standard-doppelzimmer\/\">\n\t\t\t\t\t\t\t\t<img decoding=\"async\" src=\"https:\/\/taschlerhaus.com\/wp-content\/uploads\/2017\/03\/IMG_8697.jpg\" alt=\"Standard Doppelzimmer\">\n\t\t\t\t\t\t\t<\/a>\n\t\t\t\t\t\t<\/div>\n\t\t\t\t\t\n\t\t\t\t\t<div class=\"text\">\n\t\t\t\t\t\t<h2>\n\t\t\t\t\t\t\t<a href=\"https:\/\/taschlerhaus.com\/de\/apb-room-type\/standard-doppelzimmer\/\">Standard Doppelzimmer<\/a>\n\t\t\t\t\t\t<\/h2>\n\t\t\t\t\t\t\t\t\t\t\t\t\t<span class=\"price\">\n\t\t\t\t\t\t\t\tStart from <span class=\"amount\">150<\/span> per day\t\t\t\t\t\t\t<\/span>\n\t\t\t\t\t\t\t\t\t\t\t\t<p>Die beiden Standard-Doppelzimmer befinden sich im 2. Stock und bestehen aus einem Schlafzimmer, Flur und Bad.<\/p>\n<ul>\n<li>Preis Nebensaison: ab 60 Euro<\/li>\n<li>Preis Hauptsaison: ab 80 Euro<\/li>\n<li>Kapazit\u00e4t: 2 Personen<\/li>\n<li>Zimmergr\u00f6\u00dfe: 25 qm<\/li>\n<li>Blick: zur Stadt<\/li>\n<li>Bett: 1 king-size Bett oder zwei Einzelbetten<\/li>\n<\/ul>\n\t\t\t\t\t\t<a href=\"https:\/\/taschlerhaus.com\/de\/apb-room-type\/standard-doppelzimmer\/\" class=\"engo-btn engo-btn-13\">VIEW DETAILS<\/a>\n\t\t\t\t\t<\/div>\n\n\t\t\t\t<\/div>\n\n\t\t\t<\/div>\n\t\t<\/div>\n\t\t<!-- END \/ ITEM -->\n\t\t<\/div><!-- END \/ ROOM -->[\/vc_column][\/vc_row]<\/p>\n","protected":false},"excerpt":{"rendered":"<p>[vc_row full_width=&#8221;stretch_row&#8221; parallax=&#8221;content-moving&#8221; parallax_image=&#8221;346&#8243; css=&#8221;.vc_custom_1491000281116{padding-top: 150px !important;padding-bottom: 80px !important;}&#8221;][vc_column][\/vc_column][\/vc_row][vc_row][vc_column][vc_row_inner][vc_column_inner width=&#8221;1\/2&#8243;][vc_column_text size=&#8221;0&#8243;]Taschler Haus Boutique Hotel verf\u00fcgt \u00fcber 10\u00a0individuelle Zimmer mit Namen und Symbolen inspiriert von den siebenb\u00fcrgisch-s\u00e4chsischen Z\u00fcnfte: 3 Standard-Doppelzimmer, 3 Superior-Doppelzimmer und 4 Familiensuiten.[\/vc_column_text][\/vc_column_inner][vc_column_inner width=&#8221;1\/2&#8243;][vc_column_text size=&#8221;0&#8243;]Taschler Haus Boutique Hotel bietet seinen G\u00e4sten eine Vielzahl von Annehmlichkeiten an. Jedes Zimmern hat ein eigenes Bad, Haartrockner, Flachbild&#8230;<\/p>\n","protected":false},"author":1,"featured_media":0,"parent":0,"menu_order":0,"comment_status":"closed","ping_status":"closed","template":"","meta":{"footnotes":"","_links_to":"","_links_to_target":""},"class_list":["post-514","page","type-page","status-publish","hentry"],"_links":{"self":[{"href":"https:\/\/taschlerhaus.com\/de\/wp-json\/wp\/v2\/pages\/514","targetHints":{"allow":["GET"]}}],"collection":[{"href":"https:\/\/taschlerhaus.com\/de\/wp-json\/wp\/v2\/pages"}],"about":[{"href":"https:\/\/taschlerhaus.com\/de\/wp-json\/wp\/v2\/types\/page"}],"author":[{"embeddable":true,"href":"https:\/\/taschlerhaus.com\/de\/wp-json\/wp\/v2\/users\/1"}],"replies":[{"embeddable":true,"href":"https:\/\/taschlerhaus.com\/de\/wp-json\/wp\/v2\/comments?post=514"}],"version-history":[{"count":5,"href":"https:\/\/taschlerhaus.com\/de\/wp-json\/wp\/v2\/pages\/514\/revisions"}],"predecessor-version":[{"id":787,"href":"https:\/\/taschlerhaus.com\/de\/wp-json\/wp\/v2\/pages\/514\/revisions\/787"}],"wp:attachment":[{"href":"https:\/\/taschlerhaus.com\/de\/wp-json\/wp\/v2\/media?parent=514"}],"curies":[{"name":"wp","href":"https:\/\/api.w.org\/{rel}","templated":true}]}}