{"id":509,"date":"2017-03-28T09:57:35","date_gmt":"2017-03-28T09:57:35","guid":{"rendered":"http:\/\/taschlerhaus.com\/about-the-house-the-story\/"},"modified":"2025-07-04T17:15:35","modified_gmt":"2025-07-04T14:15:35","slug":"das-haus-und-ihre-geschichte","status":"publish","type":"page","link":"http:\/\/taschlerhaus.com\/de\/das-haus-und-ihre-geschichte\/","title":{"rendered":"Das haus"},"content":{"rendered":"<p>[vc_row full_width=&#8221;stretch_row&#8221; enable_overlay=&#8221;true&#8221; bg_overlay=&#8221;rgba(0,0,0,0.3)&#8221; bg_type=&#8221;image&#8221; parallax_style=&#8221;vcpb-vz-jquery&#8221; bg_image_new=&#8221;id^315|url^http:\/\/taschlerhaus.com\/wp-content\/uploads\/2017\/03\/header-despre.png|caption^null|alt^null|title^header-despre|description^null&#8221; parallax_content=&#8221;parallax_content_value&#8221; css=&#8221;.vc_custom_1490982855311{padding-top: 200px !important;padding-bottom: 80px !important;}&#8221;][vc_column][vc_empty_space height=&#8221;10px&#8221;]<div class=\"engo-special-heading text-center\" style=\"color:#ffffff;\"><h2>Taschler Haus Boutique Hotel<\/h2><div class=\"engo-subheading below\"><p>- das Haus und die Geschichte -<\/p><\/div><\/div>[\/vc_column][\/vc_row][vc_row][vc_column width=&#8221;1\/2&#8243;]<div class=\"engo-special-heading text-left\"><h2>DAS HAUS<\/h2><\/div>[vc_column_text size=&#8221;0&#8243;]Taschler Haus Boutique Hotel ist ein siebenb\u00fcrgisch-s\u00e4chsisches Haus, befindet sich direkt im Zentrum von Sch\u00e4\u00dfburg und bietet Ihnen eine Unterkunft nur 150 Meter entfernt vom ber\u00fchmten Stundturm, das Wahrzeichen der Burg. Das Haus besteht aus 10 Zimmern, die mit spezifischen Symbolen und Dekorationen typisch f\u00fcr die damalige Zeit unterschiedliche Geschichten \u00fcber die siebenb\u00fcrgische Z\u00fcnfte erz\u00e4hlen.<\/p>\n<p>Das Anwesen ist mit dem besten Preis-Leistungsverh\u00e4ltnis in Sch\u00e4\u00dfburg bewertet. Durch die Symbole,\u00a0 Dekorationen und Ambiente wurde die Geschichte des Hauses, das aus dem Jahr 1670 stammt, aufrecht erhalten.[\/vc_column_text][\/vc_column][vc_column width=&#8221;1\/2&#8243;]<div class=\"engo-special-heading text-left\"><h2>DIE GESCHICHTE<\/h2><\/div>[vc_column_text size=&#8221;0&#8243;]Das Haus ist ein Monument der Kategorie A f\u00fcr internationale Bedeutung und durch die Lage ist es Teil des Weltkulturerbes \u2013 das historische Zentrum von Sch\u00e4\u00dfburg. Im Laufe der Zeit diente das Taschler Haus als Wohnhaus und B\u00e4ckerei.<\/p>\n<p>Obwohl die aktuelle Form aus der ersten H\u00e4lfte des XVIII-ten Jahrhunderts stammt, ist das Taschler Haus sicherlich viel \u00e4lter. Das ungef\u00e4hre Baujahr ist allerdings aufgrund mangelnden arch\u00e4ologischen und Archivinformationen leider unm\u00f6glich zu sch\u00e4tzen.<\/p>\n<p>Nachdem es im Jahr 1788 von einem gro\u00dfen Brand zerst\u00f6rt wurde, wurde es im Jahr 1790 von Michel Friedrich Wultschner dem damaligen B\u00fcrgermeister der freien Stadt und Landkreis Sch\u00e4\u00dfburg gekauft und vollst\u00e4ndig restauriert.[\/vc_column_text][\/vc_column][\/vc_row][vc_row full_width=&#8221;stretch_row&#8221; content_placement=&#8221;middle&#8221; bg_type=&#8221;image&#8221; parallax_style=&#8221;vcpb-vz-jquery&#8221; bg_image_new=&#8221;id^304|url^http:\/\/taschlerhaus.com\/wp-content\/uploads\/2017\/03\/despre-casa.png|caption^null|alt^null|title^despre-casa|description^null&#8221; bg_image_repeat=&#8221;no-repeat&#8221; parallax_content=&#8221;parallax_content_value&#8221; css=&#8221;.vc_custom_1490981433895{padding-top: 200px !important;padding-bottom: 150px !important;}&#8221;][vc_column][\/vc_column][\/vc_row][vc_row][vc_column width=&#8221;1\/2&#8243;]<div class=\"engo-special-heading text-left\"><h5>DIE REZEPTION<\/h5><\/div>[vc_gallery type=&#8221;nivo&#8221; interval=&#8221;3&#8243; images=&#8221;599,601,600&#8243; img_size=&#8221;full&#8221; onclick=&#8221;&#8221;][vc_column_text size=&#8221;0&#8243;]In der Rezeption befinden sich antike M\u00f6belst\u00fccke mit handgemalten Motiven verziert und viele Symbole noch aus den ersten Jahren der Sch\u00e4\u00dfburger Burg.<\/p>\n<p>Die eindrucksvollste handgefertigte Malerei die sich hinter dem B\u00fcro der Rezeption befindet, erz\u00e4hlt die Geschichte, wie die Siebenb\u00fcrger Sachsen nach Transilvanien gekommen sind.<\/p>\n<p>Das Gem\u00e4lde ist von der Legende der Kinder von Hameln inspiriert, wo durch das Lied aus der verzauberten Fl\u00f6te die Kinder nach Transilvanien gebracht wurden, die dann die sieben Burgen gebaut haben. Diese Burgen werden als Schwalbennester in der Krone eines dargestellt.<\/p>\n<p>Ebenfalls in der Rezeption ist die Malerei mit der sehr detaillierten Szene aus einer B\u00e4ckerei. Ein besonderes Symbol in der Rezeption ist das Leinentuch bestickt mit Versen aus dem Gebet \u201eVater unser\u201c (\u201eUnser t\u00e4gliches Brot \/ Gib uns heute\u201c).<\/p>\n<p>Neben der Rezeption in einem besonderen Gew\u00f6lbe befindet sich eine siebenb\u00fcrigsch-s\u00e4chsische Malerei mit der Begr\u00fc\u00dfungsnachricht \u201eGr\u00fc\u00df Gott, tritt ein \/ Bring Gl\u00fcck herein\u201d, das Logo Taschler Haus und eine Kommode bemalt mit s\u00e4chsischen Motiven. All diese sollen dazu beitragen die G\u00e4ste willkommen zu hei\u00dfen und sie bereits beim Eintreten in das traditionelle Ambiente zu versetzten, das sie im gesamten Haus wiederfinden werden.[\/vc_column_text][\/vc_column][vc_column width=&#8221;1\/2&#8243;]<div class=\"engo-special-heading text-left\"><h5>DER HOF UND DER KELLER<\/h5><\/div>[vc_gallery type=&#8221;nivo&#8221; interval=&#8221;3&#8243; images=&#8221;602,626,625,624,623,622,621,620,619,618,617,616,615,614,613,612,611,610,609,608,607,606,605,604,603&#8243; img_size=&#8221;full&#8221; onclick=&#8221;&#8221;][vc_column_text size=&#8221;0&#8243;]<strong>Der Hof<\/strong> erinnert mit der Vielzahl an traditionellen Gegenst\u00e4nde an einem Bauernhof und zeigt Elemente aus dem Leben und der Arbeit der Bauern und der\u00a0 Siebenb\u00fcrger Sachsen.<\/p>\n<p>Zur Dekoration befinden sich unter anderem eine Krippe, ein Truhe f\u00fcr die Lagerung von Getreide, eine Schaufel zur Trennung von Spreu vom Korn und zwei Puppen gekleidet in Siebenb\u00fcrgisch-S\u00e4chsischer Tracht, die sich direkt am Eingang befinden und die als erste Gastgeber die G\u00e4ste in ihrem Hof und Haus begr\u00fc\u00dfen.<\/p>\n<p>Die handgefertigten Wandmalereien fehlen auch hier nicht, wie beispielsweise das Bild vom der Gans mit verbundenen Augen, die sich von den jungen Frauen aus dem Spiel eine aussucht. Das auserw\u00e4hlte gl\u00fcckliche M\u00e4dchen soll in dem Jahr heiraten werden.<\/p>\n<p><strong>Der Keller<\/strong> beinhaltet sowohl traditionelle Haushaltsgegenst\u00e4nde und Symbole der Siebenb\u00fcrger Sachsen wie zum Beispiel ein Fleischwolf, Schleifmaschinen, Weinpressen und verschiedene Werkzeuge und Instrumente, die von Bauern und Siebenb\u00fcrger Sachsen im Haushalt benutzt wurden.<\/p>\n<p>Neben den traditionellen siebenb\u00fcrgisch-s\u00e4chsische Gegenst\u00e4nde k\u00f6nnen im Keller ebenfalls handgemachte Wandmalereien gefunden werden, die verschiedene Szenen aus dem Leben der Siebenb\u00fcrger-Sachsen zeigen, wie das Bild mit dem Tanz der Weber, oder das Bild mit dem B\u00e4ndertanz, der die Siebenb\u00fcrger Sachsen auf Feste in der Burg getanzt haben.<\/p>\n<p>Der Keller besteht aus zwei R\u00e4umen, einer f\u00fcr kleinere Veranstaltungen und einen Weinkeller wo Sie ausgew\u00e4hlte erlesene Weine aus der Region genie\u00dfen k\u00f6nnen.[\/vc_column_text][\/vc_column][\/vc_row][vc_row full_width=&#8221;stretch_row&#8221; bg_type=&#8221;bg_color&#8221; bg_color_value=&#8221;#ffffeb&#8221;][vc_column]<div class=\"engo-special-heading text-center\" style=\"color:#444444;\"><h2> Die Erkl\u00e4rung von Michel Friedrich Wultschner, als er das Haus kaufte<\/h2><\/div>[vc_row_inner][vc_column_inner width=&#8221;1\/2&#8243;][vc_single_image image=&#8221;149&#8243; img_size=&#8221;full&#8221; style=&#8221;vc_box_shadow_3d&#8221; onclick=&#8221;link_image&#8221;][\/vc_column_inner][vc_column_inner width=&#8221;1\/2&#8243;][vc_single_image image=&#8221;148&#8243; img_size=&#8221;full&#8221; alignment=&#8221;right&#8221; style=&#8221;vc_box_shadow_3d&#8221; onclick=&#8221;link_image&#8221;][\/vc_column_inner][\/vc_row_inner][\/vc_column][\/vc_row]<\/p>\n","protected":false},"excerpt":{"rendered":"<p>[vc_row full_width=&#8221;stretch_row&#8221; enable_overlay=&#8221;true&#8221; bg_overlay=&#8221;rgba(0,0,0,0.3)&#8221; bg_type=&#8221;image&#8221; parallax_style=&#8221;vcpb-vz-jquery&#8221; bg_image_new=&#8221;id^315|url^http:\/\/taschlerhaus.com\/wp-content\/uploads\/2017\/03\/header-despre.png|caption^null|alt^null|title^header-despre|description^null&#8221; parallax_content=&#8221;parallax_content_value&#8221; css=&#8221;.vc_custom_1490982855311{padding-top: 200px !important;padding-bottom: 80px !important;}&#8221;][vc_column][vc_empty_space height=&#8221;10px&#8221;][\/vc_column][\/vc_row][vc_row][vc_column width=&#8221;1\/2&#8243;][vc_column_text size=&#8221;0&#8243;]Taschler Haus Boutique Hotel ist ein siebenb\u00fcrgisch-s\u00e4chsisches Haus, befindet sich direkt im Zentrum von Sch\u00e4\u00dfburg und bietet Ihnen eine Unterkunft nur 150 Meter entfernt vom ber\u00fchmten Stundturm, das Wahrzeichen der Burg. Das Haus besteht aus 10 Zimmern, die mit spezifischen&#8230;<\/p>\n","protected":false},"author":1,"featured_media":0,"parent":0,"menu_order":0,"comment_status":"closed","ping_status":"closed","template":"","meta":{"footnotes":"","_links_to":"","_links_to_target":""},"class_list":["post-509","page","type-page","status-publish","hentry"],"_links":{"self":[{"href":"http:\/\/taschlerhaus.com\/de\/wp-json\/wp\/v2\/pages\/509","targetHints":{"allow":["GET"]}}],"collection":[{"href":"http:\/\/taschlerhaus.com\/de\/wp-json\/wp\/v2\/pages"}],"about":[{"href":"http:\/\/taschlerhaus.com\/de\/wp-json\/wp\/v2\/types\/page"}],"author":[{"embeddable":true,"href":"http:\/\/taschlerhaus.com\/de\/wp-json\/wp\/v2\/users\/1"}],"replies":[{"embeddable":true,"href":"http:\/\/taschlerhaus.com\/de\/wp-json\/wp\/v2\/comments?post=509"}],"version-history":[{"count":11,"href":"http:\/\/taschlerhaus.com\/de\/wp-json\/wp\/v2\/pages\/509\/revisions"}],"predecessor-version":[{"id":883,"href":"http:\/\/taschlerhaus.com\/de\/wp-json\/wp\/v2\/pages\/509\/revisions\/883"}],"wp:attachment":[{"href":"http:\/\/taschlerhaus.com\/de\/wp-json\/wp\/v2\/media?parent=509"}],"curies":[{"name":"wp","href":"https:\/\/api.w.org\/{rel}","templated":true}]}}