{"id":505,"date":"2017-03-28T09:57:36","date_gmt":"2017-03-28T09:57:36","guid":{"rendered":"http:\/\/taschlerhaus.com\/home-1\/"},"modified":"2018-11-20T10:42:15","modified_gmt":"2018-11-20T08:42:15","slug":"home-1","status":"publish","type":"page","link":"http:\/\/taschlerhaus.com\/de\/","title":{"rendered":"Home"},"content":{"rendered":"<p>[vc_row full_width=&#8221;stretch_row_content_no_spaces&#8221; el_class=&#8221;engo-table&#8221; css=&#8221;.vc_custom_1473615256059{margin-bottom: 0px !important;}&#8221;][vc_column][rev_slider_vc alias=&#8221;de&#8221;][\/vc_column][\/vc_row][vc_row full_width=&#8221;stretch_row&#8221; el_class=&#8221;check-availability&#8221;][vc_column]<script>\n\t\tvar apb_day_book = \"0\";\n\t<\/script>\t\t\t<div class=\"engobooking-wrapper inline custom-lotus\">\n\n\t\t\t\t<!-- SIDEBAR CONTENT -->\n\t\t\t\t<div class=\"apb-content\">\n\t\t\t\t\t\t\t\t\t\t<form method=\"get\" action=\"https:\/\/taschler-haus.pynbooking.direct\/\" class=\"apb-single-check-avb-form\">\n\n\t\t\t\t\t\t<div class=\"apb-field\">\n\t\t\t\t\t\t\t<label>Arrival Date<\/label>\n\n\t\t\t\t\t\t\t<div class=\"apb-field-group\">\n\t\t\t\t\t\t\t\t<i class=\"apbf apbf-calendar\"><\/i>\n\t\t\t\t\t\t\t\t<input  type=\"text\"  name=\"checkin\"  placeholder=\"Arrival Date\"  class=\"date-start-js apb-calendar apb-input\" >\t\t\t\t\t\t\t<\/div>\n\t\t\t\t\t\t<\/div>\n\n\t\t\t\t\t\t\n\n\t\t\t\t\t\t\t\t\t\t\t\t\t<div class=\"apb-field\">\n\t\t\t\t\t\t\t\t<label>Departure Date<\/label>\n\t\t\t\t\t\t\t\t<div class=\"apb-field-group\">\n\t\t\t\t\t\t\t\t\t<i class=\"apbf apbf-calendar\"><\/i>\n\t\t\t\t\t\t\t\t\t<input  type=\"text\"  name=\"checkout\"  placeholder=\"Departure Date\"  class=\"date-end-js apb-calendar apb-input\" >\t\t\t\t\t\t\t\t<\/div>\n\t\t\t\t\t\t\t<\/div>\n\t\t\t\t\t\t\t\t\t\t\t\t\t<div class=\"apb-field small\">\n\t\t\t\t\t\t\t<label>Adult<\/label>\n\t\t\t\t\t\t\t<div class=\"apb-field-group\">\n\t\t\t\t\t\t\t\t<i class=\"apbf apbf-select\"><\/i>\n\t\t\t\t\t\t\t\t<select name=\"adulti\" class=\"apb-select apb-adult-select\" ><option selected=\"selected\" value=\"\">Adult<\/option><option  value=\"1\">1<\/option><option  value=\"2\">2<\/option><option  value=\"3\">3<\/option><option  value=\"4\">4<\/option><option  value=\"5\">5<\/option><option  value=\"6\">6<\/option><\/select>\t\t\t\t\t\t\t<\/div>\n\t\t\t\t\t\t<\/div>\n\t\t\t\t\t\t<div class=\"apb-field small\">\n\t\t\t\t\t\t\t<label>Children<\/label>\n\n\t\t\t\t\t\t\t<div class=\"apb-field-group\">\n\t\t\t\t\t\t\t\t<i class=\"apbf apbf-select\"><\/i>\n\t\t\t\t\t\t\t\t<select name=\"copii\" class=\"apb-select apb-child-select\" ><option selected=\"selected\" value=\"\">Children<\/option><option  value=\"0\">0<\/option><option  value=\"1\">1<\/option><option  value=\"2\">2<\/option><option  value=\"3\">3<\/option><option  value=\"4\">4<\/option><option  value=\"5\">5<\/option><option  value=\"6\">6<\/option><\/select>\t\t\t\t\t\t\t<\/div>\n\t\t\t\t\t\t<\/div>\n\t\t\t\t\t\t<button type=\"submit\" class=\"apb-btn engo-btn-13\">CHECK AVAILABILITY<\/button>\n\n\t\t\t\t\t\t<input type=\"hidden\" value=\"150\" class=\"max-night-js\">\n\t\t\t\t\t\t<input type=\"hidden\" name=\"check_from\" value=\"shortcode\">\n\n\t\t\t\t\t\t<input type=\"hidden\" name=\"lang\" value=\"de\">\t\t\t\t\t<\/form>\n\t\t\t\t<\/div>\n\t\t\t\t<!-- END \/ SIDEBAR CONTENT -->\n\n\t\t\t<\/div>\n\t\t\t[\/vc_column][\/vc_row][vc_row full_width=&#8221;stretch_row&#8221; parallax=&#8221;content-moving&#8221; parallax_image=&#8221;163&#8243; css=&#8221;.vc_custom_1493077062467{padding-top: 0px !important;padding-bottom: 0px !important;}&#8221;][vc_column]<div class=\"engo-special-heading text-center\"><h3>DIE ZIMMER<\/h3><div class=\"engo-subheading below\"><p>mit spezifischen Symbolen<\/p><\/div><\/div>\t\t\t\t<div class=\"accomd-modations-content owl-single\">\n\t\t\t\t\t<div class=\"row\">\t\t<!-- ITEM -->\n\t\t<div class=\"col-xs-4\">\n\t\t\t<div class=\"accomd-modations-room\">\n\t\t\t\t<div class=\"img\">\n\t\t\t\t\t<a href=\"http:\/\/taschlerhaus.com\/de\/apb-room-type\/familiensuite\/\"><img loading=\"lazy\" decoding=\"async\" width=\"720\" height=\"430\" src=\"http:\/\/taschlerhaus.com\/wp-content\/uploads\/2017\/03\/IMG_9013-720x430.jpg\" class=\"attachment-engo-room-slider size-engo-room-slider wp-post-image\" alt=\"\" \/><\/a>\n\t\t\t\t<\/div>\n\t\t\t\t<div class=\"text\">\n\t\t\t\t\t<h2>\n\t\t\t\t\t\t<a href=\"http:\/\/taschlerhaus.com\/de\/apb-room-type\/familiensuite\/\">Familiensuite<\/a>\n\t\t\t\t\t<\/h2>\n\n\t\t\t\t\t\t\t\t\t\t\t<p class=\"price\">\n\t\t\t\t\t\t\t<span class=\"amount\">155<\/span>\/days\t\t\t\t\t\t<\/p>\n\t\t\t\t\t\t\t\t\t<\/div>\n\t\t\t<\/div>\n\t\t<\/div>\n\t\t<!-- END \/ ITEM -->\n\t\t\t\t<!-- ITEM -->\n\t\t<div class=\"col-xs-4\">\n\t\t\t<div class=\"accomd-modations-room\">\n\t\t\t\t<div class=\"img\">\n\t\t\t\t\t<a href=\"http:\/\/taschlerhaus.com\/de\/apb-room-type\/superior-doppelzimmer\/\"><img loading=\"lazy\" decoding=\"async\" width=\"720\" height=\"430\" src=\"http:\/\/taschlerhaus.com\/wp-content\/uploads\/2017\/03\/IMG_8606-1-720x430.jpg\" class=\"attachment-engo-room-slider size-engo-room-slider wp-post-image\" alt=\"\" \/><\/a>\n\t\t\t\t<\/div>\n\t\t\t\t<div class=\"text\">\n\t\t\t\t\t<h2>\n\t\t\t\t\t\t<a href=\"http:\/\/taschlerhaus.com\/de\/apb-room-type\/superior-doppelzimmer\/\">Superior Doppelzimmer<\/a>\n\t\t\t\t\t<\/h2>\n\n\t\t\t\t\t\t\t\t\t\t\t<p class=\"price\">\n\t\t\t\t\t\t\t<span class=\"amount\">150<\/span>\/days\t\t\t\t\t\t<\/p>\n\t\t\t\t\t\t\t\t\t<\/div>\n\t\t\t<\/div>\n\t\t<\/div>\n\t\t<!-- END \/ ITEM -->\n\t\t\t\t<!-- ITEM -->\n\t\t<div class=\"col-xs-4\">\n\t\t\t<div class=\"accomd-modations-room\">\n\t\t\t\t<div class=\"img\">\n\t\t\t\t\t<a href=\"http:\/\/taschlerhaus.com\/de\/apb-room-type\/standard-doppelzimmer\/\"><img loading=\"lazy\" decoding=\"async\" width=\"720\" height=\"430\" src=\"http:\/\/taschlerhaus.com\/wp-content\/uploads\/2017\/03\/IMG_8709-720x430.jpg\" class=\"attachment-engo-room-slider size-engo-room-slider wp-post-image\" alt=\"\" \/><\/a>\n\t\t\t\t<\/div>\n\t\t\t\t<div class=\"text\">\n\t\t\t\t\t<h2>\n\t\t\t\t\t\t<a href=\"http:\/\/taschlerhaus.com\/de\/apb-room-type\/standard-doppelzimmer\/\">Standard Doppelzimmer<\/a>\n\t\t\t\t\t<\/h2>\n\n\t\t\t\t\t\t\t\t\t\t\t<p class=\"price\">\n\t\t\t\t\t\t\t<span class=\"amount\">150<\/span>\/days\t\t\t\t\t\t<\/p>\n\t\t\t\t\t\t\t\t\t<\/div>\n\t\t\t<\/div>\n\t\t<\/div>\n\t\t<!-- END \/ ITEM -->\n\t\t\t\t<!-- ITEM -->\n\t\t<div class=\"col-xs-4\">\n\t\t\t<div class=\"accomd-modations-room\">\n\t\t\t\t<div class=\"img\">\n\t\t\t\t\t<a href=\"http:\/\/taschlerhaus.com\/de\/apb-room-type\/das-gesamte-haus-fuer-7-naechte-mieten\/\"><img loading=\"lazy\" decoding=\"async\" width=\"720\" height=\"430\" src=\"http:\/\/taschlerhaus.com\/wp-content\/uploads\/2017\/03\/IMG_9519-720x430.jpg\" class=\"attachment-engo-room-slider size-engo-room-slider wp-post-image\" alt=\"\" \/><\/a>\n\t\t\t\t<\/div>\n\t\t\t\t<div class=\"text\">\n\t\t\t\t\t<h2>\n\t\t\t\t\t\t<a href=\"http:\/\/taschlerhaus.com\/de\/apb-room-type\/das-gesamte-haus-fuer-7-naechte-mieten\/\">Das gesamte Haus f\u00fcr 7 N\u00e4chte mieten<\/a>\n\t\t\t\t\t<\/h2>\n\n\t\t\t\t\t\t\t\t\t<\/div>\n\t\t\t<\/div>\n\t\t<\/div>\n\t\t<!-- END \/ ITEM -->\n\t\t\t\t<!-- ITEM -->\n\t\t<div class=\"col-xs-4\">\n\t\t\t<div class=\"accomd-modations-room\">\n\t\t\t\t<div class=\"img\">\n\t\t\t\t\t<a href=\"http:\/\/taschlerhaus.com\/de\/apb-room-type\/das-gesamte-haus-fuer-3-naechte-mieten\/\"><img loading=\"lazy\" decoding=\"async\" width=\"720\" height=\"430\" src=\"http:\/\/taschlerhaus.com\/wp-content\/uploads\/2017\/03\/IMG_9303-1-720x430.jpg\" class=\"attachment-engo-room-slider size-engo-room-slider wp-post-image\" alt=\"\" \/><\/a>\n\t\t\t\t<\/div>\n\t\t\t\t<div class=\"text\">\n\t\t\t\t\t<h2>\n\t\t\t\t\t\t<a href=\"http:\/\/taschlerhaus.com\/de\/apb-room-type\/das-gesamte-haus-fuer-3-naechte-mieten\/\">Das gesamte Haus f\u00fcr 3 N\u00e4chte mieten<\/a>\n\t\t\t\t\t<\/h2>\n\n\t\t\t\t\t\t\t\t\t<\/div>\n\t\t\t<\/div>\n\t\t<\/div>\n\t\t<!-- END \/ ITEM -->\n\t\t<\/div>\t\t\t\t<\/div>\n\n\t\t\t[\/vc_column][\/vc_row][vc_row css=&#8221;.vc_custom_1493077068817{padding-bottom: 0px !important;}&#8221;][vc_column width=&#8221;1\/2&#8243;][vc_single_image image=&#8221;191&#8243; img_size=&#8221;full&#8221; alignment=&#8221;center&#8221;][\/vc_column][vc_column width=&#8221;1\/2&#8243;]<div class=\"engo-special-heading text-left\"><h2>HOME<\/h2><\/div>[vc_column_text size=&#8221;0&#8243;]Taschler Haus Boutique Hotel ist ein siebenb\u00fcrgisch-s\u00e4chsisches Haus, befindet sich direkt im Zentrum von Sch\u00e4\u00dfburg und bietet Ihnen eine Unterkunft nur 150 Meter entfernt vom ber\u00fchmten Stundturm, das Wahrzeichen der Burg&#8230;[\/vc_column_text]<div class=\"engo-btn-container engo-btn-left\"><a class=\"engo-btn engo-btn-normal engo-btn-outline\" href=\"http:\/\/taschlerhaus.com\/de\/das-haus-und-ihre-geschichte\/\" title=\"About us\" style=\"color:;border-color:;\">MEHR<\/a><\/div>[\/vc_column][\/vc_row][vc_row][vc_column]<div class=\"engo-special-heading text-center\"><h2>REZENSIEREN<\/h2><\/div>[\/vc_column][\/vc_row][vc_row][vc_column width=&#8221;1\/3&#8243;][vc_column_text size=&#8221;0&#8243;]<\/p>\n<div id=\"grfwp_shortcode\" class=\"postbox \">\n<div class=\"inside\">\n\t\t<div  class=\"gr-reviews gr-reviews-single hentry\">\n\n\t\t\n\t\t\t<blockquote  class=\"gr-review gr-item-has-image gr-review-has-rating gr-review-display-numbers\" itemscope itemtype=\"http:\/\/schema.org\/Review\">\n\t\t\t\t\t<div itemprop=\"itemReviewed\" itemscope itemtype=\"http:\/\/schema.org\/Thing\">\n\t\t<meta itemprop=\"name\" content=\"Taschler Haus Boutique Hotel Sighisoara\">\n\t\t<meta itemprop=\"description\" content=\"\">\n\t\t<meta itemprop=\"url\" content=\"http:\/\/taschlerhaus.com\/de\/\">\n\t<\/div>\n\t\n\t\t\t\t<div class=\"gr-content\">\n\n\t\t\t\t\t\n\t\t\t\t\t<div class=\"gr-review-rating gr-rating-numbers\" itemprop=\"reviewRating\" itemscope itemtype=\"http:\/\/schema.org\/Rating\">\n\t\t\t\t\t\t<meta itemprop=\"worstRating\" content=\"1\">\n\n\t\t\t\t\t\t\t\t\t\t\t\t<span itemprop=\"ratingValue\">10<\/span> \/\n\t\t\t\t\t\t<span itemprop=\"bestRating\">10<\/span>\n\n\t\t\t\t\t\t\t\t\t\t\t<\/div>\n\n\t\t\t\t\t\n\t\t\t\t\t<div class=\"gr-review-body\" itemprop=\"reviewBody\">\n\t\t\t\t\t\t\t\t\t\t\t<p><strong>&#8220;This is the place to stay!&#8221;<\/strong><br \/>\nVery clean and comfortable, and the owner is very eager to ensure you enjoy your stay. From the welcome drink, the many toiletries in the bathroom, water in the fridge, coffee machine, biscuits and pastries, to ensuring we had water for our journey, we felt that our needs were more than catered for. Highly recommended.<\/p>\n\t\t\t\t\t\t\t\t\t\t<\/div>\n\n\t\t\t\t\t\n\t\t\t\t\t\t\n\t\t\t\t<\/div>\n\n\t\t\t\t<cite class=\"gr-author\" itemprop=\"author\" itemscope itemtype=\"http:\/\/schema.org\/Person\">\n\t\t\t\t\t<div class=\"gr-author-text\">\n\t\t\t\t\t\t<span class=\"gr-author-name\" itemprop=\"name\">John, GB<\/span>\n\n\t\t\t\t\t\t\n\t\t\t\t\t<\/div>\n\t\t\t\t\t\t\t\t\t\t<div class=\"gr-author-img\">\n\t\t\t\t\t\t\t<img loading=\"lazy\" decoding=\"async\" width=\"150\" height=\"99\" src=\"http:\/\/taschlerhaus.com\/wp-content\/uploads\/2018\/11\/hotelscom-1-150x99.png\" class=\"attachment-thumbnail size-thumbnail wp-post-image\" alt=\"\" \/>\t\t\t\t\t<\/div>\n\t\t\t\t\t\n\t\t\t\t<\/cite>\n\n\t\t\t<\/blockquote>\n\n\t\t\n\t\t<\/div>\n\n\t<\/div>\n<\/div>\n<div id=\"postimagediv\" class=\"postbox \"><\/div>\n<p>[\/vc_column_text][\/vc_column][vc_column width=&#8221;1\/3&#8243;][vc_column_text size=&#8221;0&#8243;]<\/p>\n<div id=\"grfwp_shortcode\" class=\"postbox \">\n<div class=\"inside\">\n\t\t<div  class=\"gr-reviews gr-reviews-single hentry\">\n\n\t\t\n\t\t\t<blockquote  class=\"gr-review gr-item-has-image gr-review-has-rating gr-review-display-stars\" itemscope itemtype=\"http:\/\/schema.org\/Review\">\n\t\t\t\t\t<div itemprop=\"itemReviewed\" itemscope itemtype=\"http:\/\/schema.org\/Thing\">\n\t\t<meta itemprop=\"name\" content=\"Taschler Haus Boutique Hotel Sighisoara\">\n\t\t<meta itemprop=\"description\" content=\"\">\n\t\t<meta itemprop=\"url\" content=\"http:\/\/taschlerhaus.com\/de\/\">\n\t<\/div>\n\t\n\t\t\t\t<div class=\"gr-content\">\n\n\t\t\t\t\t\n\t\t\t\t\t<div class=\"gr-review-rating gr-rating-stars\" itemprop=\"reviewRating\" itemscope itemtype=\"http:\/\/schema.org\/Rating\">\n\t\t\t\t\t\t<meta itemprop=\"worstRating\" content=\"1\">\n\n\t\t\t\t\t\t\t\t\t\t\t\t<meta itemprop=\"ratingValue\" content=\"5\">\n\t\t\t\t\t\t<meta itemprop=\"bestRating\" content=\"5\">\n\t\t\t\t\t\t<span class=\"screen-reader-text\">5\/5<\/span>\n\t\t\t\t\t\t<span class=\"dashicons dashicons-star-filled\"><\/span><span class=\"dashicons dashicons-star-filled\"><\/span><span class=\"dashicons dashicons-star-filled\"><\/span><span class=\"dashicons dashicons-star-filled\"><\/span><span class=\"dashicons dashicons-star-filled\"><\/span>\t\t\t\t\t\t\n\t\t\t\t\t\t\t\t\t\t\t<\/div>\n\n\t\t\t\t\t\n\t\t\t\t\t<div class=\"gr-review-body\" itemprop=\"reviewBody\">\n\t\t\t\t\t\t\t\t\t\t\t<p><strong>Amazing!!!<\/strong><\/p>\n<p>We were extremely impressed by how the hosts received us (coffee, tea, brandy, alchool cherry, fruits, cookies etc &#8211; all complimentary). The hosts were always concerned about our comfort. The rooms are exactly as in photos, everything has been designed with taste and for keeping the rustic air. A guesthouse that can compete with many 4 &#8211; 5 stars hotels.<\/p>\n\t\t\t\t\t\t\t\t\t\t<\/div>\n\n\t\t\t\t\t\n\t\t\t\t\t\t\n\t\t\t\t<\/div>\n\n\t\t\t\t<cite class=\"gr-author\" itemprop=\"author\" itemscope itemtype=\"http:\/\/schema.org\/Person\">\n\t\t\t\t\t<div class=\"gr-author-text\">\n\t\t\t\t\t\t<span class=\"gr-author-name\" itemprop=\"name\">George<\/span>\n\n\t\t\t\t\t\t\n\t\t\t\t\t<\/div>\n\t\t\t\t\t\t\t\t\t\t<div class=\"gr-author-img\">\n\t\t\t\t\t\t\t<img loading=\"lazy\" decoding=\"async\" width=\"150\" height=\"99\" src=\"http:\/\/taschlerhaus.com\/wp-content\/uploads\/2017\/04\/tripadvisor-150x99.jpg\" class=\"attachment-thumbnail size-thumbnail wp-post-image\" alt=\"\" \/>\t\t\t\t\t<\/div>\n\t\t\t\t\t\n\t\t\t\t<\/cite>\n\n\t\t\t<\/blockquote>\n\n\t\t\n\t\t<\/div>\n\n\t<\/div>\n<\/div>\n<div id=\"postimagediv\" class=\"postbox \"><\/div>\n<p>[\/vc_column_text][\/vc_column][vc_column width=&#8221;1\/3&#8243;][vc_column_text size=&#8221;0&#8243;]<\/p>\n<div id=\"grfwp_shortcode\" class=\"postbox \">\n<div class=\"inside\">\n\t\t<div  class=\"gr-reviews gr-reviews-single hentry\">\n\n\t\t\n\t\t\t<blockquote  class=\"gr-review gr-item-has-image gr-review-has-rating gr-review-display-numbers\" itemscope itemtype=\"http:\/\/schema.org\/Review\">\n\t\t\t\t\t<div itemprop=\"itemReviewed\" itemscope itemtype=\"http:\/\/schema.org\/Thing\">\n\t\t<meta itemprop=\"name\" content=\"Taschler Haus Boutique Hotel Sighisoara\">\n\t\t<meta itemprop=\"description\" content=\"\">\n\t\t<meta itemprop=\"url\" content=\"http:\/\/taschlerhaus.com\/de\/\">\n\t<\/div>\n\t\n\t\t\t\t<div class=\"gr-content\">\n\n\t\t\t\t\t\n\t\t\t\t\t<div class=\"gr-review-rating gr-rating-numbers\" itemprop=\"reviewRating\" itemscope itemtype=\"http:\/\/schema.org\/Rating\">\n\t\t\t\t\t\t<meta itemprop=\"worstRating\" content=\"1\">\n\n\t\t\t\t\t\t\t\t\t\t\t\t<span itemprop=\"ratingValue\">10<\/span> \/\n\t\t\t\t\t\t<span itemprop=\"bestRating\">10<\/span>\n\n\t\t\t\t\t\t\t\t\t\t\t<\/div>\n\n\t\t\t\t\t\n\t\t\t\t\t<div class=\"gr-review-body\" itemprop=\"reviewBody\">\n\t\t\t\t\t\t\t\t\t\t\t<p><strong>Calatorie in timp<\/strong><\/p>\n<p>Exceptional! Aceasta este o proprietate deosebita care a fost renovata pana la cel mai mic detaliu. Se poate vedea efortul care a fost facut pentru a oferi o experienta de neuitat. M-am simtit ca un calator in timp. Curatenie impecabila. Personalul a fost extraordinar de amabil si de ajutor. Am primit indicatii la telefon ca sa gasesc proprietatea, am primit fructe si prajituri de casa si de asemenea espresso din partea casei.<\/p>\n\t\t\t\t\t\t\t\t\t\t<\/div>\n\n\t\t\t\t\t\n\t\t\t\t\t\t\n\t\t\t\t<\/div>\n\n\t\t\t\t<cite class=\"gr-author\" itemprop=\"author\" itemscope itemtype=\"http:\/\/schema.org\/Person\">\n\t\t\t\t\t<div class=\"gr-author-text\">\n\t\t\t\t\t\t<span class=\"gr-author-name\" itemprop=\"name\">Codrut<\/span>\n\n\t\t\t\t\t\t\n\t\t\t\t\t<\/div>\n\t\t\t\t\t\t\t\t\t\t<div class=\"gr-author-img\">\n\t\t\t\t\t\t\t<img loading=\"lazy\" decoding=\"async\" width=\"150\" height=\"99\" src=\"http:\/\/taschlerhaus.com\/wp-content\/uploads\/2017\/04\/booking2-150x99.jpg\" class=\"attachment-thumbnail size-thumbnail wp-post-image\" alt=\"\" \/>\t\t\t\t\t<\/div>\n\t\t\t\t\t\n\t\t\t\t<\/cite>\n\n\t\t\t<\/blockquote>\n\n\t\t\n\t\t<\/div>\n\n\t<\/div>\n<\/div>\n<div id=\"postimagediv\" class=\"postbox \"><\/div>\n<p>[\/vc_column_text][\/vc_column][\/vc_row][vc_row][vc_column]<div class=\"engo-btn-container engo-btn-center\"><a class=\"engo-btn engo-btn-normal engo-btn-outline\" href=\"http:\/\/taschlerhaus.com\/de\/our-reviews\/\" title=\"\" style=\"color:;border-color:;\">MEHR<\/a><\/div>[vc_empty_space height=&#8221;50px&#8221;][\/vc_column][\/vc_row]<\/p>\n","protected":false},"excerpt":{"rendered":"<p>[vc_row full_width=&#8221;stretch_row_content_no_spaces&#8221; el_class=&#8221;engo-table&#8221; css=&#8221;.vc_custom_1473615256059{margin-bottom: 0px !important;}&#8221;][vc_column][rev_slider_vc alias=&#8221;de&#8221;][\/vc_column][\/vc_row][vc_row full_width=&#8221;stretch_row&#8221; el_class=&#8221;check-availability&#8221;][vc_column][\/vc_column][\/vc_row][vc_row full_width=&#8221;stretch_row&#8221; parallax=&#8221;content-moving&#8221; parallax_image=&#8221;163&#8243; css=&#8221;.vc_custom_1493077062467{padding-top: 0px !important;padding-bottom: 0px !important;}&#8221;][vc_column][\/vc_column][\/vc_row][vc_row css=&#8221;.vc_custom_1493077068817{padding-bottom: 0px !important;}&#8221;][vc_column width=&#8221;1\/2&#8243;][vc_single_image image=&#8221;191&#8243; img_size=&#8221;full&#8221; alignment=&#8221;center&#8221;][\/vc_column][vc_column width=&#8221;1\/2&#8243;][vc_column_text size=&#8221;0&#8243;]Taschler Haus Boutique Hotel ist ein siebenb\u00fcrgisch-s\u00e4chsisches Haus, befindet sich direkt im Zentrum von Sch\u00e4\u00dfburg und bietet Ihnen eine Unterkunft nur 150 Meter entfernt vom ber\u00fchmten Stundturm, das Wahrzeichen der&#8230;<\/p>\n","protected":false},"author":1,"featured_media":0,"parent":0,"menu_order":0,"comment_status":"closed","ping_status":"closed","template":"","meta":{"footnotes":"","_links_to":"","_links_to_target":""},"class_list":["post-505","page","type-page","status-publish","hentry"],"_links":{"self":[{"href":"http:\/\/taschlerhaus.com\/de\/wp-json\/wp\/v2\/pages\/505","targetHints":{"allow":["GET"]}}],"collection":[{"href":"http:\/\/taschlerhaus.com\/de\/wp-json\/wp\/v2\/pages"}],"about":[{"href":"http:\/\/taschlerhaus.com\/de\/wp-json\/wp\/v2\/types\/page"}],"author":[{"embeddable":true,"href":"http:\/\/taschlerhaus.com\/de\/wp-json\/wp\/v2\/users\/1"}],"replies":[{"embeddable":true,"href":"http:\/\/taschlerhaus.com\/de\/wp-json\/wp\/v2\/comments?post=505"}],"version-history":[{"count":10,"href":"http:\/\/taschlerhaus.com\/de\/wp-json\/wp\/v2\/pages\/505\/revisions"}],"predecessor-version":[{"id":827,"href":"http:\/\/taschlerhaus.com\/de\/wp-json\/wp\/v2\/pages\/505\/revisions\/827"}],"wp:attachment":[{"href":"http:\/\/taschlerhaus.com\/de\/wp-json\/wp\/v2\/media?parent=505"}],"curies":[{"name":"wp","href":"https:\/\/api.w.org\/{rel}","templated":true}]}}